{"id":8,"date":"2025-12-29T15:01:53","date_gmt":"2025-12-29T15:01:53","guid":{"rendered":"https:\/\/agirensembleapornic.fr\/?page_id=8"},"modified":"2026-03-16T09:51:45","modified_gmt":"2026-03-16T09:51:45","slug":"agir-ensemble","status":"publish","type":"page","link":"https:\/\/agirensembleapornic.fr\/","title":{"rendered":"Agir ensemble"},"content":{"rendered":"\n<div class=\"wp-block-group alignfull is-style-section-2 is-layout-constrained wp-block-group-is-layout-constrained\" style=\"margin-top:0;margin-bottom:0;padding-top:var(--wp--preset--spacing--60);padding-bottom:var(--wp--preset--spacing--60)\">\n<div class=\"wp-block-columns alignwide is-layout-flex wp-container-core-columns-is-layout-643ced6b wp-block-columns-is-layout-flex\">\n<div class=\"wp-block-column is-layout-flow wp-block-column-is-layout-flow\" style=\"flex-basis:40%\">\n<figure class=\"wp-block-gallery has-nested-images columns-default is-cropped wp-block-gallery-1 is-layout-flex wp-block-gallery-is-layout-flex\">\n<figure class=\"wp-block-image size-large is-style-default\"><img loading=\"lazy\" decoding=\"async\" width=\"683\" height=\"1024\" data-id=\"10\" src=\"http:\/\/agirensembleapornic.fr\/wp-content\/uploads\/2025\/12\/DSC09662-2-683x1024.jpg\" alt=\"\" class=\"wp-image-10\" srcset=\"https:\/\/agirensembleapornic.fr\/wp-content\/uploads\/2025\/12\/DSC09662-2-683x1024.jpg 683w, https:\/\/agirensembleapornic.fr\/wp-content\/uploads\/2025\/12\/DSC09662-2-200x300.jpg 200w, https:\/\/agirensembleapornic.fr\/wp-content\/uploads\/2025\/12\/DSC09662-2-768x1152.jpg 768w, https:\/\/agirensembleapornic.fr\/wp-content\/uploads\/2025\/12\/DSC09662-2-1024x1536.jpg 1024w, https:\/\/agirensembleapornic.fr\/wp-content\/uploads\/2025\/12\/DSC09662-2-1365x2048.jpg 1365w, https:\/\/agirensembleapornic.fr\/wp-content\/uploads\/2025\/12\/DSC09662-2-scaled.jpg 1707w\" sizes=\"auto, (max-width: 683px) 100vw, 683px\" \/><figcaption class=\"wp-element-caption\"><strong>Claire HUGUES<\/strong><\/figcaption><\/figure>\n<\/figure>\n<\/div>\n\n\n\n<div class=\"wp-block-column is-vertically-aligned-center is-layout-flow wp-container-core-column-is-layout-119bc444 wp-block-column-is-layout-flow\" style=\"flex-basis:60%\">\n<p>Ch\u00e8res Pornicaises,<\/p>\n\n\n\n<p>Chers Pornicais<\/p>\n\n\n\n<p>Nous remercions les 3 666 \u00e9lectrices et \u00e9lecteurs qui nous ont accord\u00e9 leur confiance lors du premier tour des \u00e9lections municipales.<\/p>\n\n\n\n<p>Nous sommes une \u00e9quipe responsable,&nbsp;<strong>nous refusons les promesses \u00e9lectoralistes.<\/strong><br>Nous savons g\u00e9rer une ville avec s\u00e9rieux, exp\u00e9rience et sens des r\u00e9alit\u00e9s.<\/p>\n\n\n\n<p>Un projet municipal ne se construit pas avec des slogans ou des promesses irr\u00e9alisables.<br><strong>Chaque engagement doit \u00eatre sinc\u00e8re, financ\u00e9<\/strong>&nbsp;et compatible avec une gestion rigoureuse des finances communales.<\/p>\n\n\n\n<p><strong>Face \u00e0 nous, Antoine HUBERT et sa liste de gauche&nbsp;<em>Pornic Vent d\u2019Avenir<\/em>&nbsp;multiplie les promesses impossibles : toujours plus de d\u00e9penses\u2026 tout en promettant de baisser les imp\u00f4ts.<br><\/strong>Cette illusion n\u2019est pas responsable. Elle ferait peser sur notre commune le risque de la dette et, demain, l\u2019augmentation des imp\u00f4ts pour les Pornicais.<\/p>\n\n\n\n<p>Nous n&rsquo;avions pas mesur\u00e9 le d\u00e9sir des pornicais de prendre ce virage \u00e0 gauche.<\/p>\n\n\n\n<p>&nbsp;Historiquement au centre droit Pornic pourrait passer \u00e0 gauche d\u00e8s le 22mars !<\/p>\n\n\n\n<p>Est ce&nbsp; vraiment ce choix r\u00e9fl\u00e9chi que souhaitent les Pornicais ?<\/p>\n\n\n\n<p>A titre personnel, j&rsquo;ai pris conscience qu&rsquo;en arrivant en cours de mandat, je n&rsquo;ai pas encore r\u00e9ussi \u00e0 instaurer une relation de proximit\u00e9 et de confiance alors m\u00eame que je me suis investie \u00e0 300% dans ce mandat. Ce r\u00e9sultat est une alerte que j&rsquo;ai parfaitement entendue<\/p>\n\n\n\n<p>Le 22 mars, le choix est clair.<\/p>\n\n\n\n<p>Choisissez&nbsp;<strong>une \u00e9quipe solide, exp\u00e9riment\u00e9e<\/strong>.<\/p>\n\n\n\n<p>Choisissez&nbsp;<strong>une \u00e9quipe d\u2019union de la droite et du centre<\/strong><\/p>\n\n\n\n<p>Choisissez&nbsp;<strong>une \u00e9quipe guid\u00e9e par l\u2019int\u00e9r\u00eat g\u00e9n\u00e9ral, et non par le client\u00e9lisme ou les int\u00e9r\u00eats particuliers.<\/strong><\/p>\n\n\n\n<p>Dimanche, votre vote d\u00e9cidera de l\u2019avenir de Pornic pour les ann\u00e9es \u00e0 venir.<\/p>\n\n\n\n<p>C\u2019est un choix important,.<\/p>\n\n\n\n<p>Dimanche, votez et faites voter pour la liste \u00ab Agir ensemble \u00e0 Pornic \u00bb.<\/p>\n\n\n\n<p>Pour&nbsp;<strong><em>Agir ensemble \u00e0 Pornic<\/em>&nbsp;!<\/strong><\/p>\n\n\n\n<p><\/p>\n<\/div>\n<\/div>\n<\/div>\n\n\n\n<div class=\"wp-block-group is-vertical is-content-justification-center is-layout-flex wp-container-core-group-is-layout-2470ec3b wp-block-group-is-layout-flex\">\n<h3 class=\"wp-block-heading has-small-font-size\" style=\"font-style:normal;font-weight:600;letter-spacing:1px;text-transform:uppercase\">Rejoignez-nous sur nos plateformes<\/h3>\n\n\n\n<p class=\"has-text-align-center\">D\u00e9couvrez notre programme et les vid\u00e9os de tous nos colistiers<br>sur notre cha\u00eene YouTube.<\/p>\n<\/div>\n\n\n\n<div class=\"wp-block-buttons alignwide is-content-justification-center is-layout-flex wp-container-core-buttons-is-layout-a89b3969 wp-block-buttons-is-layout-flex\">\n<div class=\"wp-block-button\"><a class=\"wp-block-button__link has-text-align-center wp-element-button\" href=\"https:\/\/www.youtube.com\/@ClaireHugues\">Voir sur YouTube<\/a><\/div>\n<\/div>\n\n\n\n<p><\/p>\n","protected":false},"excerpt":{"rendered":"<p>Ch\u00e8res Pornicaises, Chers Pornicais Nous remercions les 3 666 \u00e9lectrices et \u00e9lecteurs qui nous ont accord\u00e9 leur confiance lors du [&hellip;]<\/p>\n","protected":false},"author":1,"featured_media":0,"parent":0,"menu_order":0,"comment_status":"closed","ping_status":"closed","template":"","meta":{"site-sidebar-layout":"default","site-content-layout":"","ast-site-content-layout":"default","site-content-style":"default","site-sidebar-style":"default","ast-global-header-display":"","ast-banner-title-visibility":"","ast-main-header-display":"","ast-hfb-above-header-display":"","ast-hfb-below-header-display":"","ast-hfb-mobile-header-display":"","site-post-title":"disabled","ast-breadcrumbs-content":"","ast-featured-img":"","footer-sml-layout":"","ast-disable-related-posts":"","theme-transparent-header-meta":"","adv-header-id-meta":"","stick-header-meta":"","header-above-stick-meta":"","header-main-stick-meta":"","header-below-stick-meta":"","astra-migrate-meta-layouts":"default","ast-page-background-enabled":"default","ast-page-background-meta":{"desktop":{"background-color":"var(--ast-global-color-5)","background-image":"","background-repeat":"repeat","background-position":"center center","background-size":"auto","background-attachment":"scroll","background-type":"","background-media":"","overlay-type":"","overlay-color":"","overlay-opacity":"","overlay-gradient":""},"tablet":{"background-color":"","background-image":"","background-repeat":"repeat","background-position":"center center","background-size":"auto","background-attachment":"scroll","background-type":"","background-media":"","overlay-type":"","overlay-color":"","overlay-opacity":"","overlay-gradient":""},"mobile":{"background-color":"","background-image":"","background-repeat":"repeat","background-position":"center center","background-size":"auto","background-attachment":"scroll","background-type":"","background-media":"","overlay-type":"","overlay-color":"","overlay-opacity":"","overlay-gradient":""}},"ast-content-background-meta":{"desktop":{"background-color":"var(--ast-global-color-4)","background-image":"","background-repeat":"repeat","background-position":"center center","background-size":"auto","background-attachment":"scroll","background-type":"","background-media":"","overlay-type":"","overlay-color":"","overlay-opacity":"","overlay-gradient":""},"tablet":{"background-color":"var(--ast-global-color-4)","background-image":"","background-repeat":"repeat","background-position":"center center","background-size":"auto","background-attachment":"scroll","background-type":"","background-media":"","overlay-type":"","overlay-color":"","overlay-opacity":"","overlay-gradient":""},"mobile":{"background-color":"var(--ast-global-color-4)","background-image":"","background-repeat":"repeat","background-position":"center center","background-size":"auto","background-attachment":"scroll","background-type":"","background-media":"","overlay-type":"","overlay-color":"","overlay-opacity":"","overlay-gradient":""}},"footnotes":""},"class_list":["post-8","page","type-page","status-publish","hentry"],"_links":{"self":[{"href":"https:\/\/agirensembleapornic.fr\/index.php\/wp-json\/wp\/v2\/pages\/8","targetHints":{"allow":["GET"]}}],"collection":[{"href":"https:\/\/agirensembleapornic.fr\/index.php\/wp-json\/wp\/v2\/pages"}],"about":[{"href":"https:\/\/agirensembleapornic.fr\/index.php\/wp-json\/wp\/v2\/types\/page"}],"author":[{"embeddable":true,"href":"https:\/\/agirensembleapornic.fr\/index.php\/wp-json\/wp\/v2\/users\/1"}],"replies":[{"embeddable":true,"href":"https:\/\/agirensembleapornic.fr\/index.php\/wp-json\/wp\/v2\/comments?post=8"}],"version-history":[{"count":14,"href":"https:\/\/agirensembleapornic.fr\/index.php\/wp-json\/wp\/v2\/pages\/8\/revisions"}],"predecessor-version":[{"id":261,"href":"https:\/\/agirensembleapornic.fr\/index.php\/wp-json\/wp\/v2\/pages\/8\/revisions\/261"}],"wp:attachment":[{"href":"https:\/\/agirensembleapornic.fr\/index.php\/wp-json\/wp\/v2\/media?parent=8"}],"curies":[{"name":"wp","href":"https:\/\/api.w.org\/{rel}","templated":true}]}}